{"id":967,"date":"2025-11-26T19:19:57","date_gmt":"2025-11-26T18:19:57","guid":{"rendered":"https:\/\/gedofu.es\/quienes-somos\/"},"modified":"2026-03-19T10:41:01","modified_gmt":"2026-03-19T09:41:01","slug":"about-us","status":"publish","type":"page","link":"https:\/\/gedofu.es\/en\/about-us\/","title":{"rendered":"About Us"},"content":{"rendered":"\t\t<div data-elementor-type=\"wp-page\" data-elementor-id=\"967\" class=\"elementor elementor-967 elementor-148\" data-elementor-post-type=\"page\">\n\t\t\t\t<div class=\"elementor-element elementor-element-0c2c933 e-flex e-con-boxed e-con e-parent\" data-id=\"0c2c933\" data-element_type=\"container\" data-e-type=\"container\">\n\t\t\t\t\t<div class=\"e-con-inner\">\n\t\t<div class=\"elementor-element elementor-element-0a5aa8d e-con-full e-flex e-con e-child\" data-id=\"0a5aa8d\" data-element_type=\"container\" data-e-type=\"container\">\n\t\t\t\t<div class=\"elementor-element elementor-element-8530f37 elementor-widget elementor-widget-heading\" data-id=\"8530f37\" data-element_type=\"widget\" data-e-type=\"widget\" data-widget_type=\"heading.default\">\n\t\t\t\t\t<h2 class=\"elementor-heading-title elementor-size-default\">Meet Our Team<\/h2>\t\t\t\t<\/div>\n\t\t\t\t<div class=\"elementor-element elementor-element-5b71d4f elementor-widget elementor-widget-text-editor\" data-id=\"5b71d4f\" data-element_type=\"widget\" data-e-type=\"widget\" data-widget_type=\"text-editor.default\">\n\t\t\t\t\t\t\t\t\t<p><strong>GEDOFU<\/strong> is a consultancy firm specialized in tax, labour, legal, accounting, and administrative advisory services. Founded in 1988, we have decades of experience and have steadily consolidated our position thanks to the dedication and professionalism of our team.<\/p><p><strong>Our objective is to provide a comprehensive service<\/strong>: we support entrepreneurs, self-employed professionals, SMEs, individuals, and organizations in all economic, tax, and administrative aspects of their activities.<\/p><p>To achieve this, we have specialized departments, including tax, labour, accounting, legal, administrative, vehicle management, and immigration, among others, ensuring professionalism and efficiency in meeting every client need.<\/p>\t\t\t\t\t\t\t\t<\/div>\n\t\t\t\t<\/div>\n\t\t<div class=\"elementor-element elementor-element-c8c11f9 e-con-full e-flex e-con e-child\" data-id=\"c8c11f9\" data-element_type=\"container\" data-e-type=\"container\" data-settings=\"{&quot;background_background&quot;:&quot;classic&quot;}\">\n\t\t\t\t<\/div>\n\t\t\t\t\t<\/div>\n\t\t\t\t<\/div>\n\t\t<div class=\"elementor-element elementor-element-d8b7409 e-grid e-con-boxed e-con e-parent\" data-id=\"d8b7409\" data-element_type=\"container\" data-e-type=\"container\" data-settings=\"{&quot;background_background&quot;:&quot;classic&quot;}\">\n\t\t\t\t\t<div class=\"e-con-inner\">\n\t\t<div class=\"elementor-element elementor-element-335ce06 e-con-full e-flex e-con e-child\" data-id=\"335ce06\" data-element_type=\"container\" data-e-type=\"container\" data-settings=\"{&quot;background_background&quot;:&quot;classic&quot;}\">\n\t\t<div class=\"elementor-element elementor-element-ac702a3 e-con-full e-flex e-con e-child\" data-id=\"ac702a3\" data-element_type=\"container\" data-e-type=\"container\" data-settings=\"{&quot;background_background&quot;:&quot;classic&quot;}\">\n\t\t\t\t<div class=\"elementor-element elementor-element-80f4de3 elementor-view-default elementor-widget elementor-widget-icon\" data-id=\"80f4de3\" data-element_type=\"widget\" data-e-type=\"widget\" data-widget_type=\"icon.default\">\n\t\t\t\t\t\t\t<div class=\"elementor-icon-wrapper\">\n\t\t\t<div class=\"elementor-icon\">\n\t\t\t<svg aria-hidden=\"true\" class=\"e-font-icon-svg e-fas-bullseye\" viewBox=\"0 0 496 512\" xmlns=\"http:\/\/www.w3.org\/2000\/svg\"><path d=\"M248 8C111.03 8 0 119.03 0 256s111.03 248 248 248 248-111.03 248-248S384.97 8 248 8zm0 432c-101.69 0-184-82.29-184-184 0-101.69 82.29-184 184-184 101.69 0 184 82.29 184 184 0 101.69-82.29 184-184 184zm0-312c-70.69 0-128 57.31-128 128s57.31 128 128 128 128-57.31 128-128-57.31-128-128-128zm0 192c-35.29 0-64-28.71-64-64s28.71-64 64-64 64 28.71 64 64-28.71 64-64 64z\"><\/path><\/svg>\t\t\t<\/div>\n\t\t<\/div>\n\t\t\t\t\t\t<\/div>\n\t\t\t\t<\/div>\n\t\t\t\t<div class=\"elementor-element elementor-element-e4a13d9 elementor-widget elementor-widget-heading\" data-id=\"e4a13d9\" data-element_type=\"widget\" data-e-type=\"widget\" data-widget_type=\"heading.default\">\n\t\t\t\t\t<h2 class=\"elementor-heading-title elementor-size-default\">Our Mission<\/h2>\t\t\t\t<\/div>\n\t\t\t\t<div class=\"elementor-element elementor-element-718ce91 elementor-widget elementor-widget-text-editor\" data-id=\"718ce91\" data-element_type=\"widget\" data-e-type=\"widget\" data-widget_type=\"text-editor.default\">\n\t\t\t\t\t\t\t\t\t<p>Our mission is to provide clear, effective, and approachable advisory services, simplifying our clients\u2019 day-to-day management while supporting their growth through comprehensive solutions tailored to their specific needs.<\/p>\t\t\t\t\t\t\t\t<\/div>\n\t\t\t\t<\/div>\n\t\t<div class=\"elementor-element elementor-element-36a2eb5 e-con-full e-flex e-con e-child\" data-id=\"36a2eb5\" data-element_type=\"container\" data-e-type=\"container\" data-settings=\"{&quot;background_background&quot;:&quot;classic&quot;}\">\n\t\t<div class=\"elementor-element elementor-element-d9caf32 e-con-full e-flex e-con e-child\" data-id=\"d9caf32\" data-element_type=\"container\" data-e-type=\"container\" data-settings=\"{&quot;background_background&quot;:&quot;classic&quot;}\">\n\t\t\t\t<div class=\"elementor-element elementor-element-4bd7f14 elementor-view-default elementor-widget elementor-widget-icon\" data-id=\"4bd7f14\" data-element_type=\"widget\" data-e-type=\"widget\" data-widget_type=\"icon.default\">\n\t\t\t\t\t\t\t<div class=\"elementor-icon-wrapper\">\n\t\t\t<div class=\"elementor-icon\">\n\t\t\t<svg aria-hidden=\"true\" class=\"e-font-icon-svg e-far-eye\" viewBox=\"0 0 576 512\" xmlns=\"http:\/\/www.w3.org\/2000\/svg\"><path d=\"M288 144a110.94 110.94 0 0 0-31.24 5 55.4 55.4 0 0 1 7.24 27 56 56 0 0 1-56 56 55.4 55.4 0 0 1-27-7.24A111.71 111.71 0 1 0 288 144zm284.52 97.4C518.29 135.59 410.93 64 288 64S57.68 135.64 3.48 241.41a32.35 32.35 0 0 0 0 29.19C57.71 376.41 165.07 448 288 448s230.32-71.64 284.52-177.41a32.35 32.35 0 0 0 0-29.19zM288 400c-98.65 0-189.09-55-237.93-144C98.91 167 189.34 112 288 112s189.09 55 237.93 144C477.1 345 386.66 400 288 400z\"><\/path><\/svg>\t\t\t<\/div>\n\t\t<\/div>\n\t\t\t\t\t\t<\/div>\n\t\t\t\t<\/div>\n\t\t\t\t<div class=\"elementor-element elementor-element-de03e29 elementor-widget elementor-widget-heading\" data-id=\"de03e29\" data-element_type=\"widget\" data-e-type=\"widget\" data-widget_type=\"heading.default\">\n\t\t\t\t\t<h2 class=\"elementor-heading-title elementor-size-default\">Our Vision<\/h2>\t\t\t\t<\/div>\n\t\t\t\t<div class=\"elementor-element elementor-element-0b85113 elementor-widget elementor-widget-text-editor\" data-id=\"0b85113\" data-element_type=\"widget\" data-e-type=\"widget\" data-widget_type=\"text-editor.default\">\n\t\t\t\t\t\t\t\t\t<p class=\"p1\">Our vision is to become a leading consultancy firm in our region, continuously innovating in our services and processes, and supporting each client in their development and long-term business growth.<\/p>\t\t\t\t\t\t\t\t<\/div>\n\t\t\t\t<\/div>\n\t\t<div class=\"elementor-element elementor-element-1a6ec43 e-con-full e-flex e-con e-child\" data-id=\"1a6ec43\" data-element_type=\"container\" data-e-type=\"container\" data-settings=\"{&quot;background_background&quot;:&quot;classic&quot;}\">\n\t\t<div class=\"elementor-element elementor-element-f64ef9a e-con-full e-flex e-con e-child\" data-id=\"f64ef9a\" data-element_type=\"container\" data-e-type=\"container\" data-settings=\"{&quot;background_background&quot;:&quot;classic&quot;}\">\n\t\t\t\t<div class=\"elementor-element elementor-element-2e8a138 elementor-view-default elementor-widget elementor-widget-icon\" data-id=\"2e8a138\" data-element_type=\"widget\" data-e-type=\"widget\" data-widget_type=\"icon.default\">\n\t\t\t\t\t\t\t<div class=\"elementor-icon-wrapper\">\n\t\t\t<div class=\"elementor-icon\">\n\t\t\t<svg aria-hidden=\"true\" class=\"e-font-icon-svg e-fas-heart\" viewBox=\"0 0 512 512\" xmlns=\"http:\/\/www.w3.org\/2000\/svg\"><path d=\"M462.3 62.6C407.5 15.9 326 24.3 275.7 76.2L256 96.5l-19.7-20.3C186.1 24.3 104.5 15.9 49.7 62.6c-62.8 53.6-66.1 149.8-9.9 207.9l193.5 199.8c12.5 12.9 32.8 12.9 45.3 0l193.5-199.8c56.3-58.1 53-154.3-9.8-207.9z\"><\/path><\/svg>\t\t\t<\/div>\n\t\t<\/div>\n\t\t\t\t\t\t<\/div>\n\t\t\t\t<\/div>\n\t\t\t\t<div class=\"elementor-element elementor-element-1c65ef8 elementor-widget elementor-widget-heading\" data-id=\"1c65ef8\" data-element_type=\"widget\" data-e-type=\"widget\" data-widget_type=\"heading.default\">\n\t\t\t\t\t<h2 class=\"elementor-heading-title elementor-size-default\">Our Values<\/h2>\t\t\t\t<\/div>\n\t\t\t\t<div class=\"elementor-element elementor-element-13edf64 elementor-widget elementor-widget-text-editor\" data-id=\"13edf64\" data-element_type=\"widget\" data-e-type=\"widget\" data-widget_type=\"text-editor.default\">\n\t\t\t\t\t\t\t\t\t<p>Our values are founded on professionalism, transparency, and commitment. We believe in a close and personalized approach, as well as continuous improvement, to ensure high-quality service across every area of our work.<\/p>\t\t\t\t\t\t\t\t<\/div>\n\t\t\t\t<\/div>\n\t\t\t\t\t<\/div>\n\t\t\t\t<\/div>\n\t\t<div class=\"elementor-element elementor-element-3c2f63c e-flex e-con-boxed e-con e-parent\" data-id=\"3c2f63c\" data-element_type=\"container\" data-e-type=\"container\">\n\t\t\t\t\t<div class=\"e-con-inner\">\n\t\t\t\t<div class=\"elementor-element elementor-element-21b177b elementor-widget elementor-widget-heading\" data-id=\"21b177b\" data-element_type=\"widget\" data-e-type=\"widget\" data-widget_type=\"heading.default\">\n\t\t\t\t\t<h2 class=\"elementor-heading-title elementor-size-default\">Our Team\n<\/h2>\t\t\t\t<\/div>\n\t\t\t\t\t<\/div>\n\t\t\t\t<\/div>\n\t\t<div class=\"elementor-element elementor-element-5d37600 e-flex e-con-boxed e-con e-parent\" data-id=\"5d37600\" data-element_type=\"container\" data-e-type=\"container\">\n\t\t\t\t\t<div class=\"e-con-inner\">\n\t\t\t\t<div class=\"elementor-element elementor-element-0f27178 elementor-arrows-position-outside elementor-widget elementor-widget-image-carousel\" data-id=\"0f27178\" data-element_type=\"widget\" data-e-type=\"widget\" data-settings=\"{&quot;slides_to_show&quot;:&quot;3&quot;,&quot;navigation&quot;:&quot;arrows&quot;,&quot;slides_to_show_tablet&quot;:&quot;2&quot;,&quot;slides_to_show_mobile&quot;:&quot;1&quot;,&quot;autoplay&quot;:&quot;yes&quot;,&quot;pause_on_hover&quot;:&quot;yes&quot;,&quot;pause_on_interaction&quot;:&quot;yes&quot;,&quot;autoplay_speed&quot;:5000,&quot;infinite&quot;:&quot;yes&quot;,&quot;speed&quot;:500,&quot;image_spacing_custom&quot;:{&quot;unit&quot;:&quot;px&quot;,&quot;size&quot;:20,&quot;sizes&quot;:[]},&quot;image_spacing_custom_tablet&quot;:{&quot;unit&quot;:&quot;px&quot;,&quot;size&quot;:&quot;&quot;,&quot;sizes&quot;:[]}}\" data-widget_type=\"image-carousel.default\">\n\t\t\t\t\t\t\t<div class=\"elementor-image-carousel-wrapper swiper\" role=\"region\" aria-roledescription=\"carousel\" aria-label=\"Carrusel de im\u00e1genes\" dir=\"ltr\">\n\t\t\t<div class=\"elementor-image-carousel swiper-wrapper\" aria-live=\"off\">\n\t\t\t\t\t\t\t\t<div class=\"swiper-slide\" role=\"group\" aria-roledescription=\"slide\" aria-label=\"1 of 11\"><figure class=\"swiper-slide-inner\"><img decoding=\"async\" class=\"swiper-slide-image\" src=\"https:\/\/gedofu.es\/wp-content\/uploads\/2025\/11\/WhatsApp-Image-2025-11-27-at-13.27.31.webp\" alt=\"Im\u00e1genes galer\u00eda Gedofu fiscal\" \/><\/figure><\/div><div class=\"swiper-slide\" role=\"group\" aria-roledescription=\"slide\" aria-label=\"2 of 11\"><figure class=\"swiper-slide-inner\"><img decoding=\"async\" class=\"swiper-slide-image\" src=\"https:\/\/gedofu.es\/wp-content\/uploads\/2025\/11\/WhatsApp-Image-2025-11-27-at-13.23.27.webp\" alt=\"Im\u00e1genes galer\u00eda Gedofu fiscal\" \/><\/figure><\/div><div class=\"swiper-slide\" role=\"group\" aria-roledescription=\"slide\" aria-label=\"3 of 11\"><figure class=\"swiper-slide-inner\"><img decoding=\"async\" class=\"swiper-slide-image\" src=\"https:\/\/gedofu.es\/wp-content\/uploads\/2025\/11\/WhatsApp-Image-2025-11-27-at-13.23.27-3.webp\" alt=\"Im\u00e1genes galer\u00eda Gedofu contabilidad\" \/><\/figure><\/div><div class=\"swiper-slide\" role=\"group\" aria-roledescription=\"slide\" aria-label=\"4 of 11\"><figure class=\"swiper-slide-inner\"><img decoding=\"async\" class=\"swiper-slide-image\" src=\"https:\/\/gedofu.es\/wp-content\/uploads\/2025\/11\/WhatsApp-Image-2025-11-27-at-13.23.27-2.webp\" alt=\"Im\u00e1genes galer\u00eda Gedofu\" \/><\/figure><\/div><div class=\"swiper-slide\" role=\"group\" aria-roledescription=\"slide\" aria-label=\"5 of 11\"><figure class=\"swiper-slide-inner\"><img decoding=\"async\" class=\"swiper-slide-image\" src=\"https:\/\/gedofu.es\/wp-content\/uploads\/2025\/11\/WhatsApp-Image-2025-11-27-at-13.23.26-3.webp\" alt=\"Im\u00e1genes galer\u00eda Gedofu administraci\u00f3n\" \/><\/figure><\/div><div class=\"swiper-slide\" role=\"group\" aria-roledescription=\"slide\" aria-label=\"6 of 11\"><figure class=\"swiper-slide-inner\"><img decoding=\"async\" class=\"swiper-slide-image\" src=\"https:\/\/gedofu.es\/wp-content\/uploads\/2026\/03\/gedofu-laboral-fiscal-galeria-2.webp\" alt=\"Gedofu Laboral Fiscal Galeria (2)\" \/><\/figure><\/div><div class=\"swiper-slide\" role=\"group\" aria-roledescription=\"slide\" aria-label=\"7 of 11\"><figure class=\"swiper-slide-inner\"><img decoding=\"async\" class=\"swiper-slide-image\" src=\"https:\/\/gedofu.es\/wp-content\/uploads\/2026\/03\/gedofu-laboral-fiscal-galeria-4.webp\" alt=\"Gedofu Laboral Fiscal Galeria (4)\" \/><\/figure><\/div><div class=\"swiper-slide\" role=\"group\" aria-roledescription=\"slide\" aria-label=\"8 of 11\"><figure class=\"swiper-slide-inner\"><img decoding=\"async\" class=\"swiper-slide-image\" src=\"https:\/\/gedofu.es\/wp-content\/uploads\/2026\/03\/gedofu-laboral-fiscal-galeria-5.webp\" alt=\"Gedofu Laboral Fiscal Galeria (5)\" \/><\/figure><\/div><div class=\"swiper-slide\" role=\"group\" aria-roledescription=\"slide\" aria-label=\"9 of 11\"><figure class=\"swiper-slide-inner\"><img decoding=\"async\" class=\"swiper-slide-image\" src=\"https:\/\/gedofu.es\/wp-content\/uploads\/2026\/03\/gedofu-laboral-fiscal-galeria-6.webp\" alt=\"Gedofu Laboral Fiscal Galeria (6)\" \/><\/figure><\/div><div class=\"swiper-slide\" role=\"group\" aria-roledescription=\"slide\" aria-label=\"10 of 11\"><figure class=\"swiper-slide-inner\"><img decoding=\"async\" class=\"swiper-slide-image\" src=\"https:\/\/gedofu.es\/wp-content\/uploads\/2026\/03\/gedofu-laboral-fiscal-galeria-7.webp\" alt=\"Gedofu Laboral Fiscal Galeria (7)\" \/><\/figure><\/div><div class=\"swiper-slide\" role=\"group\" aria-roledescription=\"slide\" aria-label=\"11 of 11\"><figure class=\"swiper-slide-inner\"><img decoding=\"async\" class=\"swiper-slide-image\" src=\"https:\/\/gedofu.es\/wp-content\/uploads\/2026\/03\/gedofu-laboral-fiscal-galeria-1.webp\" alt=\"Gedofu Laboral Fiscal Galeria (1)\" \/><\/figure><\/div>\t\t\t<\/div>\n\t\t\t\t\t\t\t\t\t\t\t\t<div class=\"elementor-swiper-button elementor-swiper-button-prev\" role=\"button\" tabindex=\"0\">\n\t\t\t\t\t\t<svg aria-hidden=\"true\" class=\"e-font-icon-svg e-eicon-chevron-left\" viewBox=\"0 0 1000 1000\" xmlns=\"http:\/\/www.w3.org\/2000\/svg\"><path d=\"M646 125C629 125 613 133 604 142L308 442C296 454 292 471 292 487 292 504 296 521 308 533L604 854C617 867 629 875 646 875 663 875 679 871 692 858 704 846 713 829 713 812 713 796 708 779 692 767L438 487 692 225C700 217 708 204 708 187 708 171 704 154 692 142 675 129 663 125 646 125Z\"><\/path><\/svg>\t\t\t\t\t<\/div>\n\t\t\t\t\t<div class=\"elementor-swiper-button elementor-swiper-button-next\" role=\"button\" tabindex=\"0\">\n\t\t\t\t\t\t<svg aria-hidden=\"true\" class=\"e-font-icon-svg e-eicon-chevron-right\" viewBox=\"0 0 1000 1000\" xmlns=\"http:\/\/www.w3.org\/2000\/svg\"><path d=\"M696 533C708 521 713 504 713 487 713 471 708 454 696 446L400 146C388 133 375 125 354 125 338 125 325 129 313 142 300 154 292 171 292 187 292 204 296 221 308 233L563 492 304 771C292 783 288 800 288 817 288 833 296 850 308 863 321 871 338 875 354 875 371 875 388 867 400 854L696 533Z\"><\/path><\/svg>\t\t\t\t\t<\/div>\n\t\t\t\t\n\t\t\t\t\t\t\t\t\t<\/div>\n\t\t\t\t\t\t<\/div>\n\t\t\t\t\t<\/div>\n\t\t\t\t<\/div>\n\t\t\t\t<\/div>\n\t\t","protected":false},"excerpt":{"rendered":"<p>Meet Our Team GEDOFU is a consultancy firm specialized in tax, labour, legal, accounting, and administrative advisory services. Founded in 1988, we have decades of experience and have steadily consolidated our position thanks to the dedication and professionalism of our team. Our objective is to provide a comprehensive service: we support entrepreneurs, self-employed professionals, SMEs, [&hellip;]<\/p>\n","protected":false},"author":1,"featured_media":0,"parent":0,"menu_order":0,"comment_status":"closed","ping_status":"closed","template":"","meta":{"footnotes":""},"class_list":["post-967","page","type-page","status-publish","hentry"],"yoast_head":"<!-- This site is optimized with the Yoast SEO plugin v27.2 - https:\/\/yoast.com\/product\/yoast-seo-wordpress\/ -->\n<title>About Us - Asesor\u00eda Gedofu | Gestor\u00eda fiscal, laboral y contable<\/title>\n<meta name=\"robots\" content=\"index, follow, max-snippet:-1, max-image-preview:large, max-video-preview:-1\" \/>\n<link rel=\"canonical\" href=\"https:\/\/gedofu.es\/en\/about-us\/\" \/>\n<meta property=\"og:locale\" content=\"en_US\" \/>\n<meta property=\"og:type\" content=\"article\" \/>\n<meta property=\"og:title\" content=\"About Us - Asesor\u00eda Gedofu | Gestor\u00eda fiscal, laboral y contable\" \/>\n<meta property=\"og:description\" content=\"Meet Our Team GEDOFU is a consultancy firm specialized in tax, labour, legal, accounting, and administrative advisory services. Founded in 1988, we have decades of experience and have steadily consolidated our position thanks to the dedication and professionalism of our team. Our objective is to provide a comprehensive service: we support entrepreneurs, self-employed professionals, SMEs, [&hellip;]\" \/>\n<meta property=\"og:url\" content=\"https:\/\/gedofu.es\/en\/about-us\/\" \/>\n<meta property=\"og:site_name\" content=\"Asesor\u00eda Gedofu | Gestor\u00eda fiscal, laboral y contable\" \/>\n<meta property=\"article:modified_time\" content=\"2026-03-19T09:41:01+00:00\" \/>\n<meta property=\"og:image\" content=\"https:\/\/gedofu.es\/wp-content\/uploads\/2025\/11\/WhatsApp-Image-2025-11-27-at-13.27.31.webp\" \/>\n<meta name=\"twitter:card\" content=\"summary_large_image\" \/>\n<meta name=\"twitter:label1\" content=\"Est. reading time\" \/>\n\t<meta name=\"twitter:data1\" content=\"5 minutes\" \/>\n<script type=\"application\/ld+json\" class=\"yoast-schema-graph\">{\"@context\":\"https:\/\/schema.org\",\"@graph\":[{\"@type\":\"WebPage\",\"@id\":\"https:\/\/gedofu.es\/en\/about-us\/\",\"url\":\"https:\/\/gedofu.es\/en\/about-us\/\",\"name\":\"About Us - Asesor\u00eda Gedofu | Gestor\u00eda fiscal, laboral y contable\",\"isPartOf\":{\"@id\":\"https:\/\/gedofu.es\/en\/#website\"},\"primaryImageOfPage\":{\"@id\":\"https:\/\/gedofu.es\/en\/about-us\/#primaryimage\"},\"image\":{\"@id\":\"https:\/\/gedofu.es\/en\/about-us\/#primaryimage\"},\"thumbnailUrl\":\"https:\/\/gedofu.es\/wp-content\/uploads\/2025\/11\/WhatsApp-Image-2025-11-27-at-13.27.31.webp\",\"datePublished\":\"2025-11-26T18:19:57+00:00\",\"dateModified\":\"2026-03-19T09:41:01+00:00\",\"breadcrumb\":{\"@id\":\"https:\/\/gedofu.es\/en\/about-us\/#breadcrumb\"},\"inLanguage\":\"en-US\",\"potentialAction\":[{\"@type\":\"ReadAction\",\"target\":[\"https:\/\/gedofu.es\/en\/about-us\/\"]}]},{\"@type\":\"ImageObject\",\"inLanguage\":\"en-US\",\"@id\":\"https:\/\/gedofu.es\/en\/about-us\/#primaryimage\",\"url\":\"https:\/\/gedofu.es\/wp-content\/uploads\/2025\/11\/WhatsApp-Image-2025-11-27-at-13.27.31.webp\",\"contentUrl\":\"https:\/\/gedofu.es\/wp-content\/uploads\/2025\/11\/WhatsApp-Image-2025-11-27-at-13.27.31.webp\"},{\"@type\":\"BreadcrumbList\",\"@id\":\"https:\/\/gedofu.es\/en\/about-us\/#breadcrumb\",\"itemListElement\":[{\"@type\":\"ListItem\",\"position\":1,\"name\":\"Portada\",\"item\":\"https:\/\/gedofu.es\/en\/\"},{\"@type\":\"ListItem\",\"position\":2,\"name\":\"About Us\"}]},{\"@type\":\"WebSite\",\"@id\":\"https:\/\/gedofu.es\/en\/#website\",\"url\":\"https:\/\/gedofu.es\/en\/\",\"name\":\"Asesor\u00eda Gedofu | Gestor\u00eda fiscal, laboral y contable\",\"description\":\"Asesor\u00eda Gedofu con presencia en Fuengirola, Mijas y Mijas Costa. Prestamos servicios de asesor\u00eda fiscal, laboral y jur\u00eddica, as\u00ed como gesti\u00f3n contable, administrativa, veh\u00edculos y extranjer\u00eda.\",\"publisher\":{\"@id\":\"https:\/\/gedofu.es\/en\/#organization\"},\"potentialAction\":[{\"@type\":\"SearchAction\",\"target\":{\"@type\":\"EntryPoint\",\"urlTemplate\":\"https:\/\/gedofu.es\/en\/?s={search_term_string}\"},\"query-input\":{\"@type\":\"PropertyValueSpecification\",\"valueRequired\":true,\"valueName\":\"search_term_string\"}}],\"inLanguage\":\"en-US\"},{\"@type\":\"Organization\",\"@id\":\"https:\/\/gedofu.es\/en\/#organization\",\"name\":\"Asesor\u00eda Gedofu | Gestor\u00eda fiscal, laboral y contable\",\"url\":\"https:\/\/gedofu.es\/en\/\",\"logo\":{\"@type\":\"ImageObject\",\"inLanguage\":\"en-US\",\"@id\":\"https:\/\/gedofu.es\/en\/#\/schema\/logo\/image\/\",\"url\":\"https:\/\/gedofu.es\/wp-content\/uploads\/2025\/11\/logo-gedofu-web.webp\",\"contentUrl\":\"https:\/\/gedofu.es\/wp-content\/uploads\/2025\/11\/logo-gedofu-web.webp\",\"width\":484,\"height\":162,\"caption\":\"Asesor\u00eda Gedofu | Gestor\u00eda fiscal, laboral y contable\"},\"image\":{\"@id\":\"https:\/\/gedofu.es\/en\/#\/schema\/logo\/image\/\"}}]}<\/script>\n<!-- \/ Yoast SEO plugin. -->","yoast_head_json":{"title":"About Us - Asesor\u00eda Gedofu | Gestor\u00eda fiscal, laboral y contable","robots":{"index":"index","follow":"follow","max-snippet":"max-snippet:-1","max-image-preview":"max-image-preview:large","max-video-preview":"max-video-preview:-1"},"canonical":"https:\/\/gedofu.es\/en\/about-us\/","og_locale":"en_US","og_type":"article","og_title":"About Us - Asesor\u00eda Gedofu | Gestor\u00eda fiscal, laboral y contable","og_description":"Meet Our Team GEDOFU is a consultancy firm specialized in tax, labour, legal, accounting, and administrative advisory services. Founded in 1988, we have decades of experience and have steadily consolidated our position thanks to the dedication and professionalism of our team. Our objective is to provide a comprehensive service: we support entrepreneurs, self-employed professionals, SMEs, [&hellip;]","og_url":"https:\/\/gedofu.es\/en\/about-us\/","og_site_name":"Asesor\u00eda Gedofu | Gestor\u00eda fiscal, laboral y contable","article_modified_time":"2026-03-19T09:41:01+00:00","og_image":[{"url":"https:\/\/gedofu.es\/wp-content\/uploads\/2025\/11\/WhatsApp-Image-2025-11-27-at-13.27.31.webp","type":"","width":"","height":""}],"twitter_card":"summary_large_image","twitter_misc":{"Est. reading time":"5 minutes"},"schema":{"@context":"https:\/\/schema.org","@graph":[{"@type":"WebPage","@id":"https:\/\/gedofu.es\/en\/about-us\/","url":"https:\/\/gedofu.es\/en\/about-us\/","name":"About Us - Asesor\u00eda Gedofu | Gestor\u00eda fiscal, laboral y contable","isPartOf":{"@id":"https:\/\/gedofu.es\/en\/#website"},"primaryImageOfPage":{"@id":"https:\/\/gedofu.es\/en\/about-us\/#primaryimage"},"image":{"@id":"https:\/\/gedofu.es\/en\/about-us\/#primaryimage"},"thumbnailUrl":"https:\/\/gedofu.es\/wp-content\/uploads\/2025\/11\/WhatsApp-Image-2025-11-27-at-13.27.31.webp","datePublished":"2025-11-26T18:19:57+00:00","dateModified":"2026-03-19T09:41:01+00:00","breadcrumb":{"@id":"https:\/\/gedofu.es\/en\/about-us\/#breadcrumb"},"inLanguage":"en-US","potentialAction":[{"@type":"ReadAction","target":["https:\/\/gedofu.es\/en\/about-us\/"]}]},{"@type":"ImageObject","inLanguage":"en-US","@id":"https:\/\/gedofu.es\/en\/about-us\/#primaryimage","url":"https:\/\/gedofu.es\/wp-content\/uploads\/2025\/11\/WhatsApp-Image-2025-11-27-at-13.27.31.webp","contentUrl":"https:\/\/gedofu.es\/wp-content\/uploads\/2025\/11\/WhatsApp-Image-2025-11-27-at-13.27.31.webp"},{"@type":"BreadcrumbList","@id":"https:\/\/gedofu.es\/en\/about-us\/#breadcrumb","itemListElement":[{"@type":"ListItem","position":1,"name":"Portada","item":"https:\/\/gedofu.es\/en\/"},{"@type":"ListItem","position":2,"name":"About Us"}]},{"@type":"WebSite","@id":"https:\/\/gedofu.es\/en\/#website","url":"https:\/\/gedofu.es\/en\/","name":"Asesor\u00eda Gedofu | Gestor\u00eda fiscal, laboral y contable","description":"Asesor\u00eda Gedofu con presencia en Fuengirola, Mijas y Mijas Costa. Prestamos servicios de asesor\u00eda fiscal, laboral y jur\u00eddica, as\u00ed como gesti\u00f3n contable, administrativa, veh\u00edculos y extranjer\u00eda.","publisher":{"@id":"https:\/\/gedofu.es\/en\/#organization"},"potentialAction":[{"@type":"SearchAction","target":{"@type":"EntryPoint","urlTemplate":"https:\/\/gedofu.es\/en\/?s={search_term_string}"},"query-input":{"@type":"PropertyValueSpecification","valueRequired":true,"valueName":"search_term_string"}}],"inLanguage":"en-US"},{"@type":"Organization","@id":"https:\/\/gedofu.es\/en\/#organization","name":"Asesor\u00eda Gedofu | Gestor\u00eda fiscal, laboral y contable","url":"https:\/\/gedofu.es\/en\/","logo":{"@type":"ImageObject","inLanguage":"en-US","@id":"https:\/\/gedofu.es\/en\/#\/schema\/logo\/image\/","url":"https:\/\/gedofu.es\/wp-content\/uploads\/2025\/11\/logo-gedofu-web.webp","contentUrl":"https:\/\/gedofu.es\/wp-content\/uploads\/2025\/11\/logo-gedofu-web.webp","width":484,"height":162,"caption":"Asesor\u00eda Gedofu | Gestor\u00eda fiscal, laboral y contable"},"image":{"@id":"https:\/\/gedofu.es\/en\/#\/schema\/logo\/image\/"}}]}},"_links":{"self":[{"href":"https:\/\/gedofu.es\/en\/wp-json\/wp\/v2\/pages\/967","targetHints":{"allow":["GET"]}}],"collection":[{"href":"https:\/\/gedofu.es\/en\/wp-json\/wp\/v2\/pages"}],"about":[{"href":"https:\/\/gedofu.es\/en\/wp-json\/wp\/v2\/types\/page"}],"author":[{"embeddable":true,"href":"https:\/\/gedofu.es\/en\/wp-json\/wp\/v2\/users\/1"}],"replies":[{"embeddable":true,"href":"https:\/\/gedofu.es\/en\/wp-json\/wp\/v2\/comments?post=967"}],"version-history":[{"count":4,"href":"https:\/\/gedofu.es\/en\/wp-json\/wp\/v2\/pages\/967\/revisions"}],"predecessor-version":[{"id":1120,"href":"https:\/\/gedofu.es\/en\/wp-json\/wp\/v2\/pages\/967\/revisions\/1120"}],"wp:attachment":[{"href":"https:\/\/gedofu.es\/en\/wp-json\/wp\/v2\/media?parent=967"}],"curies":[{"name":"wp","href":"https:\/\/api.w.org\/{rel}","templated":true}]}}